{"id":360,"date":"2020-05-15T08:03:00","date_gmt":"2020-05-15T08:03:00","guid":{"rendered":"http:\/\/31.217.196.205\/~bjybfgsz\/?post_type=product&#038;p=360"},"modified":"2026-01-17T17:10:43","modified_gmt":"2026-01-17T17:10:43","slug":"joulukuusiretki","status":"publish","type":"product","link":"https:\/\/kuusiretki.fi\/en\/product\/joulukuusiretki\/","title":{"rendered":"Christmas Adventure"},"content":{"rendered":"<ul>\n<li>The trees are grown without pesticides.<\/li>\n<li>Spruce trees don\u2019t grow in fields.<\/li>\n<li>Reflective markers have been placed along cleared paths in the forest to make tree hunting easy and effortless.<\/li>\n<\/ul>","protected":false},"excerpt":{"rendered":"<p><em>Spend time with family or friends, share the joy of anticipating Christmas together, and create memories that will warm your heart long after the holidays have passed. <\/em><\/p>\n<p><em>Step into a journey that will stay in your heart!<\/em><\/p>\n<h3>Retki Joululaan 120 \u20ac<\/h3>\n<p><strong>\u2013 includes adventure for 6 people<\/strong><\/p>\n<p>Once you\u2019ve booked your adventure, you\u2019ll receive an invitation to visit Santa\u2019s secret cabin in the Christmas forest of Lemp\u00e4\u00e4l\u00e4.<\/p>\n<p>When you arrive at Joulula, you\u2019ll be guided to the Lappish hut to wait for your meeting with Santa Claus. In the hut, you can enjoy coffee, tea, or warm berry juice served with gingerbread cookies. In Santa\u2019s cabin, you\u2019ll have the chance to take photos with Santa, talk about Christmas wishes, and hear how he\u2019s doing.<\/p>\n<p>In the Christmas forest, a magical elf trail awaits children and all who love the spirit of Christmas. The Joulula elves have lost the magic word that makes Santa\u2019s reindeer fly. Come help find the elves and uncover the secret word. If you solve the riddle, you\u2019ll receive a small prize!<\/p>\n<p>An activity area has been set up in the yard where you can help Santa Claus calm down Otso the bear and guide him back to his winter sleep.<\/p>\n<h3>Joulukuusiretki\u00a0 150 \u20ac<\/h3>\n<p><strong>\u2013 includes adventure for 6 people and 1 Christmas tree<\/strong><\/p>\n<p>On the Christmas Tree Adventure, you\u2019ll find and cut down the tree you want from the forest. You can take your tree home immediately, wrapped and ready, or we can deliver it to your home for an additional fee.<\/p>\n<p><strong>After booking your adventure, you\u2019ll receive detailed instructions \u2013 along with a special tip for writing your letter to Santa.<\/strong><\/p>\n<p>The adventure lasts about 1 hour. For larger groups, please contact us.<\/p>\n<p><strong>We also organize private events and corporate activity days. <\/strong><strong>For bookings or more information, please contact\nlapinlumo@lapinlumo.com or call +358 400 010 992.<\/strong><\/p>\n<p>&nbsp;<\/p>","protected":false},"featured_media":1192,"template":"","meta":[],"product_brand":[],"product_cat":[18],"product_tag":[],"class_list":{"0":"post-360","1":"product","2":"type-product","3":"status-publish","4":"has-post-thumbnail","6":"product_cat-yleinen","8":"first","9":"outofstock","10":"taxable","11":"shipping-taxable","12":"purchasable","13":"product-type-bookable"},"_links":{"self":[{"href":"https:\/\/kuusiretki.fi\/en\/wp-json\/wp\/v2\/product\/360","targetHints":{"allow":["GET"]}}],"collection":[{"href":"https:\/\/kuusiretki.fi\/en\/wp-json\/wp\/v2\/product"}],"about":[{"href":"https:\/\/kuusiretki.fi\/en\/wp-json\/wp\/v2\/types\/product"}],"version-history":[{"count":70,"href":"https:\/\/kuusiretki.fi\/en\/wp-json\/wp\/v2\/product\/360\/revisions"}],"predecessor-version":[{"id":2160,"href":"https:\/\/kuusiretki.fi\/en\/wp-json\/wp\/v2\/product\/360\/revisions\/2160"}],"wp:featuredmedia":[{"embeddable":true,"href":"https:\/\/kuusiretki.fi\/en\/wp-json\/wp\/v2\/media\/1192"}],"wp:attachment":[{"href":"https:\/\/kuusiretki.fi\/en\/wp-json\/wp\/v2\/media?parent=360"}],"wp:term":[{"taxonomy":"product_brand","embeddable":true,"href":"https:\/\/kuusiretki.fi\/en\/wp-json\/wp\/v2\/product_brand?post=360"},{"taxonomy":"product_cat","embeddable":true,"href":"https:\/\/kuusiretki.fi\/en\/wp-json\/wp\/v2\/product_cat?post=360"},{"taxonomy":"product_tag","embeddable":true,"href":"https:\/\/kuusiretki.fi\/en\/wp-json\/wp\/v2\/product_tag?post=360"}],"curies":[{"name":"wp","href":"https:\/\/api.w.org\/{rel}","templated":true}]}}