{"id":875,"date":"2022-10-14T09:12:31","date_gmt":"2022-10-14T09:12:31","guid":{"rendered":"https:\/\/kuusiretki.fi\/?page_id=875"},"modified":"2025-10-15T12:04:06","modified_gmt":"2025-10-15T12:04:06","slug":"toimitusehdot","status":"publish","type":"page","link":"https:\/\/kuusiretki.fi\/en\/toimitusehdot\/","title":{"rendered":"Shipping and Cancellation Policy"},"content":{"rendered":"<div data-elementor-type=\"wp-page\" data-elementor-id=\"875\" class=\"elementor elementor-875\">\n\t\t\t\t\t\t<section class=\"elementor-section elementor-top-section elementor-element elementor-element-f6119b8 elementor-section-boxed elementor-section-height-default elementor-section-height-default\" data-id=\"f6119b8\" data-element_type=\"section\">\n\t\t\t\t\t\t<div class=\"elementor-container elementor-column-gap-default\">\n\t\t\t\t\t<div class=\"elementor-column elementor-col-100 elementor-top-column elementor-element elementor-element-9aac3e6\" data-id=\"9aac3e6\" data-element_type=\"column\">\n\t\t\t<div class=\"elementor-widget-wrap elementor-element-populated\">\n\t\t\t\t\t\t<div class=\"elementor-element elementor-element-6f1820b elementor-widget elementor-widget-spacer\" data-id=\"6f1820b\" data-element_type=\"widget\" data-widget_type=\"spacer.default\">\n\t\t\t\t<div class=\"elementor-widget-container\">\n\t\t\t\t\t\t\t<div class=\"elementor-spacer\">\n\t\t\t<div class=\"elementor-spacer-inner\"><\/div>\n\t\t<\/div>\n\t\t\t\t\t\t<\/div>\n\t\t\t\t<\/div>\n\t\t\t\t<div class=\"elementor-element elementor-element-87bffcf elementor-widget elementor-widget-text-editor\" data-id=\"87bffcf\" data-element_type=\"widget\" data-widget_type=\"text-editor.default\">\n\t\t\t\t<div class=\"elementor-widget-container\">\n\t\t\t\t\t\t\t\t\t<p><\/p>\n<p class=\"is-layout-flex wp-container-core-columns-is-layout-28f84493 wp-block-columns-is-layout-flex\">Viihde- ja Ohjelmapalvelu Lapin Lumo Oy \u2013 1645185-0 (hereinafter referred to as the online store) sells products and services to private individuals and companies in Finland. We reserve the right to change delivery and cancellation terms and prices. The prices of products and services include VAT.<\/p>\n<p><\/p>\t\t\t\t\t\t\t\t<\/div>\n\t\t\t\t<\/div>\n\t\t\t\t<div class=\"elementor-element elementor-element-ce8d0e3 elementor-widget elementor-widget-text-editor\" data-id=\"ce8d0e3\" data-element_type=\"widget\" data-widget_type=\"text-editor.default\">\n\t\t\t\t<div class=\"elementor-widget-container\">\n\t\t\t\t\t\t\t\t\t<p><strong>Order cancellation, changes, liability for defects and complaints<\/strong><\/p>\n<p>A reservation can be changed free of charge if the change is made no later than 1 day before the start of the event.\u00a0<br \/>A reservation can be canceled free of charge if the cancellation is made no later than 14 days before the start of the event.\u00a0<\/p>\n<p>In cases of cancellation, change or complaint, please contact our customer service by email lapinlumo@lapinlumo.com. The online store has statutory liability for defects in the products sold. The consumer has the right to refer any disputes to the Consumer Disputes Board.<\/p>\t\t\t\t\t\t\t\t<\/div>\n\t\t\t\t<\/div>\n\t\t\t\t<div class=\"elementor-element elementor-element-f7c773c elementor-widget elementor-widget-text-editor\" data-id=\"f7c773c\" data-element_type=\"widget\" data-widget_type=\"text-editor.default\">\n\t\t\t\t<div class=\"elementor-widget-container\">\n\t\t\t\t\t\t\t\t\t<p><strong>Online store contact information<\/strong><\/p>\n<p>Email: lapinlumo@lapinlumo.com<\/p>\n<p>Phone: 0400340108, 0400010992<\/p>\n<p>Address: N\u00e4verinpolku 6, 99800 Ivalo<\/p>\t\t\t\t\t\t\t\t<\/div>\n\t\t\t\t<\/div>\n\t\t\t\t<div class=\"elementor-element elementor-element-f912d5f elementor-widget elementor-widget-text-editor\" data-id=\"f912d5f\" data-element_type=\"widget\" data-widget_type=\"text-editor.default\">\n\t\t\t\t<div class=\"elementor-widget-container\">\n\t\t\t\t\t\t\t\t\t<p><strong>Ordering<\/strong><\/p>\n<p>The products and services to be ordered are selected and reserved on the website by adding them to the shopping cart. The order is confirmed by paying the contents of the shopping cart in the online store's checkout function. When placing an order, you accept these delivery terms, the prices of the products and services, and the delivery costs. If an email address is provided at the time of ordering, an order confirmation will be sent by email. The order confirmation will indicate the ordered products and the price.<\/p>\t\t\t\t\t\t\t\t<\/div>\n\t\t\t\t<\/div>\n\t\t\t\t<div class=\"elementor-element elementor-element-c685a99 elementor-widget elementor-widget-text-editor\" data-id=\"c685a99\" data-element_type=\"widget\" data-widget_type=\"text-editor.default\">\n\t\t\t\t<div class=\"elementor-widget-container\">\n\t\t\t\t\t\t\t\t\t<p><strong>Payments with Visma Pay<\/strong><\/p>\n<p>Visma Pay (Visma Payments Oy, business-id FI24865594) is one of the payment facilitators of the online shop. Visma Payments Oy is a payment facilitator authorized by the Financial Supervisory Authority of Finland. The payment process is conducted in the online service of Visma Pay. Visma Pay or Visma Payments Oy is shown as the receiver of your payment in the bank account listing and in your invoice. Paying with Visma Pay is safe. All information is exchanged through secured connections.\n\nThe trade happens between the online customer and the online shop. The online shop is responsible for all obligations related to the trade.\n\nRead more about Visma Pay: https:\/\/www.visma.fi\/vismapay\/<\/p>\t\t\t\t\t\t\t\t<\/div>\n\t\t\t\t<\/div>\n\t\t\t\t<div class=\"elementor-element elementor-element-741a4b1 elementor-widget elementor-widget-text-editor\" data-id=\"741a4b1\" data-element_type=\"widget\" data-widget_type=\"text-editor.default\">\n\t\t\t\t<div class=\"elementor-widget-container\">\n\t\t\t\t\t\t\t\t\t<p class=\"wp-block-preformatted\"><strong>Payment methods<\/strong><\/p>\n<p class=\"wp-block-preformatted\">With Visma Pay you can pay your order by an internet banking account, a wallet, an invoice or a partial payment.<\/p>\n<p class=\"wp-block-preformatted\">The following methods of payment are supported: Osuuspankki, Nordea, Danske Bank, Oma S\u00e4\u00e4st\u00f6pankki, S\u00e4\u00e4st\u00f6pankki, Aktia, Paikallisosuuspankit, S-Pankki, \u00c5landsbanken, MobilePay, Apple Pay, Google Pay Siirto, Visa-, Visa Debit-, Visa Electron-, MasterCard- and Debit MasterCard payment cards.<\/p>\n<p class=\"wp-block-preformatted\">MobilePay: You can pay with your MobilePay wallet if you have allowed online payments in the settings of the MobilePay application. Payment via MobilePay takes place directly from the payment card linked to MobilePay. If charging the payment from the linked card fails, MobilePay can not be used in the online shop.<\/p>\n<p class=\"wp-block-preformatted\">OP Lasku: A flexible invoice payment method. OP Lasku serves all Finnish banks' customers. Suitable for online purchases of up to 5000 \u20ac with an interest-free payment term of 45 days. The instalment option adds flexibility to purchases. Your purchases are visible in one place so you can easily keep track of them. Invoices are sent to you by email. To use OP Lasku, you must be solvent and over 20 years old. More information available at: https:\/\/www.op.fi\/henkiloasiakkaat\/paivittaiset\/maksaminen\/op-lasku<\/p>\n<p class=\"wp-block-preformatted\"><strong>Contact Visma Pay<\/strong><\/p>\n<p class=\"wp-block-preformatted\">Visma Payments Oy (business-id FI24865594)<\/p>\n<p class=\"wp-block-preformatted\">E-mail: helpdesk@vismapay.com<\/p>\n<p class=\"wp-block-preformatted\">Telephone: +358 9 315 42 037 (workdays 8-16)<\/p>\n<p class=\"wp-block-preformatted\">Address: Brahenkatu 4, 53100 Lappeenranta, Finland<\/p>\t\t\t\t\t\t\t\t<\/div>\n\t\t\t\t<\/div>\n\t\t\t\t<div class=\"elementor-element elementor-element-71bd324 elementor-widget elementor-widget-spacer\" data-id=\"71bd324\" data-element_type=\"widget\" data-widget_type=\"spacer.default\">\n\t\t\t\t<div class=\"elementor-widget-container\">\n\t\t\t\t\t\t\t<div class=\"elementor-spacer\">\n\t\t\t<div class=\"elementor-spacer-inner\"><\/div>\n\t\t<\/div>\n\t\t\t\t\t\t<\/div>\n\t\t\t\t<\/div>\n\t\t\t\t\t<\/div>\n\t\t<\/div>\n\t\t\t\t\t<\/div>\n\t\t<\/section>\n\t\t\t\t<\/div>","protected":false},"excerpt":{"rendered":"<p>Viihde- ja Ohjelmapalvelu Lapin Lumo Oy \u2013 1645185-0 (j\u00e4ljemp\u00e4n\u00e4 verkkokauppa) myy tuotteita ja palveluita yksityishenkil\u00f6ille ja yrityksille Suomeen. Pid\u00e4t\u00e4mme oikeuden toimitus- ja peruutusehtojen ja hintojen muutoksiin. Tuotteiden ja palveluiden hinnat sis\u00e4lt\u00e4v\u00e4t arvonlis\u00e4veron. Tilauksen peruuttaminen, muutokset, virhevastuu ja reklamaatiot Varaus voidaan muuttaa veloituksetta, jos muutos tehd\u00e4\u00e4n viimeist\u00e4\u00e4n 1 vuorokautta ennen tapahtuman alkua.\u00a0Varaus voidaan peruuttaa veloituksetta, jos [&hellip;]<\/p>","protected":false},"author":2,"featured_media":0,"parent":0,"menu_order":0,"comment_status":"closed","ping_status":"closed","template":"","meta":{"footnotes":""},"class_list":["post-875","page","type-page","status-publish","hentry"],"_links":{"self":[{"href":"https:\/\/kuusiretki.fi\/en\/wp-json\/wp\/v2\/pages\/875","targetHints":{"allow":["GET"]}}],"collection":[{"href":"https:\/\/kuusiretki.fi\/en\/wp-json\/wp\/v2\/pages"}],"about":[{"href":"https:\/\/kuusiretki.fi\/en\/wp-json\/wp\/v2\/types\/page"}],"author":[{"embeddable":true,"href":"https:\/\/kuusiretki.fi\/en\/wp-json\/wp\/v2\/users\/2"}],"replies":[{"embeddable":true,"href":"https:\/\/kuusiretki.fi\/en\/wp-json\/wp\/v2\/comments?post=875"}],"version-history":[{"count":66,"href":"https:\/\/kuusiretki.fi\/en\/wp-json\/wp\/v2\/pages\/875\/revisions"}],"predecessor-version":[{"id":1829,"href":"https:\/\/kuusiretki.fi\/en\/wp-json\/wp\/v2\/pages\/875\/revisions\/1829"}],"wp:attachment":[{"href":"https:\/\/kuusiretki.fi\/en\/wp-json\/wp\/v2\/media?parent=875"}],"curies":[{"name":"wp","href":"https:\/\/api.w.org\/{rel}","templated":true}]}}