{"id":858,"date":"2022-10-14T08:27:58","date_gmt":"2022-10-14T08:27:58","guid":{"rendered":"https:\/\/kuusiretki.fi\/?page_id=858"},"modified":"2022-10-14T09:54:39","modified_gmt":"2022-10-14T09:54:39","slug":"tietosuojaseloste","status":"publish","type":"page","link":"https:\/\/kuusiretki.fi\/en\/tietosuojaseloste\/","title":{"rendered":"Privacy Policy"},"content":{"rendered":"<div data-elementor-type=\"wp-page\" data-elementor-id=\"858\" class=\"elementor elementor-858\">\n\t\t\t\t\t\t<section class=\"elementor-section elementor-top-section elementor-element elementor-element-4ab1a9a4 elementor-section-boxed elementor-section-height-default elementor-section-height-default\" data-id=\"4ab1a9a4\" data-element_type=\"section\">\n\t\t\t\t\t\t<div class=\"elementor-container elementor-column-gap-default\">\n\t\t\t\t\t<div class=\"elementor-column elementor-col-100 elementor-top-column elementor-element elementor-element-71d1f9e8\" data-id=\"71d1f9e8\" data-element_type=\"column\">\n\t\t\t<div class=\"elementor-widget-wrap elementor-element-populated\">\n\t\t\t\t\t\t<div class=\"elementor-element elementor-element-951e3bb elementor-widget elementor-widget-spacer\" data-id=\"951e3bb\" data-element_type=\"widget\" data-widget_type=\"spacer.default\">\n\t\t\t\t<div class=\"elementor-widget-container\">\n\t\t\t\t\t\t\t<div class=\"elementor-spacer\">\n\t\t\t<div class=\"elementor-spacer-inner\"><\/div>\n\t\t<\/div>\n\t\t\t\t\t\t<\/div>\n\t\t\t\t<\/div>\n\t\t\t\t<div class=\"elementor-element elementor-element-7cad4d91 elementor-widget elementor-widget-text-editor\" data-id=\"7cad4d91\" data-element_type=\"widget\" data-widget_type=\"text-editor.default\">\n\t\t\t\t<div class=\"elementor-widget-container\">\n\t\t\t\t\t\t\t\t\t\n<h3 class=\"wp-block-heading\">Viihde- ja Ohjelmapalvelu Lapin Lumo Oy rekisteriseloste<\/h3>\n\n\n\n<p>Rekisterinpit\u00e4j\u00e4ll\u00e4 on tietosuoja-asetuksen mukaan velvollisuus informoida selke\u00e4ll\u00e4 tavalla rekister\u00f6ityj\u00e4. T\u00e4m\u00e4 seloste t\u00e4ytt\u00e4\u00e4 informointivelvoitteen.<\/p>\n\n\n\n<h3 class=\"wp-block-heading\">1. Rekisterinpit\u00e4j\u00e4<\/h3>\n\n\n\n<p>Viihde- ja Ohjelmapalvelu Lapin Lumo Oy \u2013 1645185-0<\/p>\n\n\n\n<p>Address: N\u00e4verinpolku 6, 99800 Ivalo<\/p>\n\n\n\n<p><strong>Yhteystiedot rekisteri\u00e4 koskevissa asioissa<\/strong>:<\/p>\n\n\n\n<p>Yrityksen \/ henkil\u00f6n nimi: Sirpa Huumonen<\/p>\n\n\n\n<p>Address: N\u00e4verinpolku 6, 99800 Ivalo<\/p>\n\n\n\n<p>Puhelinnumero: 0400340108<\/p>\n\n\n\n<p>Email: lapinlumo@lapinlumo.com<\/p>\n\n\n\n<p><strong>Tapauksen mukaan mahdollisen tietosuojavastaavan yhteystiedot:<\/strong><\/p>\n\n\n\n<p>Sirpa Huumonen<\/p>\n\n\n\n<p>Address: N\u00e4verinpolku 6, 99800 Ivalo<\/p>\n\n\n\n<p>Puhelinnumero: 0400340108<\/p>\n\n\n\n<p>Email: lapinlumo@lapinlumo.com<\/p>\n\n\n\n<h3 class=\"wp-block-heading\">2. Rekister\u00f6idyt<\/h3>\n\n\n\n<p>Viihde- ja Ohjelmapalvelu Lapin Lumo Oy:n rekisteriss\u00e4 talletetaan palveluja ostaneiden asiakkaiden tietoja.<\/p>\n\n\n\n<h3 class=\"wp-block-heading\">3. Rekisterin pit\u00e4misen peruste ja k\u00e4ytt\u00f6tarkoitus<\/h3>\n\n\n\n<p><strong>Rekisterin pit\u00e4misen peruste:<\/strong><\/p>\n\n\n\n<ul class=\"wp-block-list\"><li>Henkil\u00f6n yhteystietoja k\u00e4sitell\u00e4\u00e4n asiakassuhteen ja laskutuksen perusteella<\/li><li>Henkil\u00f6n yhteystietoja k\u00e4sitell\u00e4\u00e4n suostumuksen perusteella<\/li><\/ul>\n\n\n\n<p><strong>Henkil\u00f6tietojen k\u00e4sittelyn ja rekisterin k\u00e4ytt\u00f6tarkoitus<\/strong><\/p>\n\n\n\n<p>Henkil\u00f6tietoja k\u00e4sitell\u00e4\u00e4n vain ennalta m\u00e4\u00e4riteltyihin tarkoituksiin, jotka ovat seuraavat:<\/p>\n\n\n\n<ul class=\"wp-block-list\"><li>asiakassuhteen hoitaminen<\/li><li>asiakastiedotus<\/li><li>yrityksen palveluista kertominen<\/li><\/ul>\n\n\n\n<h3 class=\"wp-block-heading\">4. Rekisteriin tallennettavat henkil\u00f6tiedot<\/h3>\n\n\n\n<p><strong>Asiakasrekisteri sis\u00e4lt\u00e4\u00e4 seuraavat tiedot:<\/strong><\/p>\n\n\n\n<p>Contact<\/p>\n\n\n\n<ul class=\"wp-block-list\"><li>yrityksen nimi<\/li><li>yhteyshenkil\u00f6nnimi<\/li><li>osoite<\/li><li>s\u00e4hk\u00f6posti<\/li><li>puhelinnumero<\/li><\/ul>\n\n\n\n<p>Asiakastiedot<\/p>\n\n\n\n<ul class=\"wp-block-list\"><li>tiedot ostetuista tuotteista \/ palveluista<\/li><\/ul>\n\n\n\n<h3 class=\"wp-block-heading\">5. Rekister\u00f6idyn oikeudet<\/h3>\n\n\n\n<p>Rekister\u00f6idyll\u00e4 on seuraavat oikeudet, joiden k\u00e4ytt\u00e4mist\u00e4 koskevat pyynn\u00f6t tulee tehd\u00e4 osoitteeseen lapinlumo@lapinlumo.com<\/p>\n\n\n\n<p><strong>Tarkastusoikeus<\/strong><\/p>\n\n\n\n<p>Rekister\u00f6ity voi tarkistaa tallentamamme henkil\u00f6tiedot.<\/p>\n\n\n\n<p><strong>Oikeus tietojen oikaisemiseen<\/strong><\/p>\n\n\n\n<p>Rekister\u00f6ity voi pyyt\u00e4\u00e4 oikaisemaan h\u00e4nt\u00e4 koskevat virheelliset tai puutteelliset tiedot.<\/p>\n\n\n\n<p><strong>Vastustamisoikeus<\/strong><\/p>\n\n\n\n<p>Rekister\u00f6ity voi vastustaa henkil\u00f6tietojen k\u00e4sittely\u00e4, mik\u00e4li kokee, ett\u00e4 henkil\u00f6tietoja on k\u00e4sitelty lainvastaisesti.<\/p>\n\n\n\n<p><strong>Suoramarkkinointikielto<\/strong><\/p>\n\n\n\n<p>Rekister\u00f6idyll\u00e4 on oikeus kielt\u00e4\u00e4 tietojen k\u00e4ytt\u00e4minen suoramarkkinointiin.<\/p>\n\n\n\n<p><strong>Poisto-oikeus<\/strong><\/p>\n\n\n\n<p>Rekister\u00f6idyll\u00e4 on oikeus pyyt\u00e4\u00e4 tietojen poistamista, jos tietojen k\u00e4sittely ei ole tarpeen. K\u00e4sittelemme poistopyynn\u00f6n, jonka j\u00e4lkeen joko poistamme tiedot tai ilmoitamme perustellun syyn, miksi tietoja ei voida poistaa.<\/p>\n\n\n\n<p>On huomioitava, ett\u00e4 rekisterinpit\u00e4j\u00e4ll\u00e4 voi olla lakis\u00e4\u00e4teinen tai muu oikeus olla poistamatta pyydetty\u00e4 tietoa. Rekisterinpit\u00e4j\u00e4ll\u00e4 on velvollisuus s\u00e4ilytt\u00e4\u00e4 kirjanpitoaineisto Kirjanpitolaissa (luku 2, 10 \u00a7) m\u00e4\u00e4ritellyn ajan (10 vuotta) mukaisesti. T\u00e4m\u00e4n vuoksi kirjanpitoon liittyv\u00e4\u00e4 aineistoa ei voida poistaa ennen m\u00e4\u00e4r\u00e4ajan umpeutumista.<\/p>\n\n\n\n<p><strong>Suostumuksen peruuttaminen<\/strong><\/p>\n\n\n\n<p>Jos rekister\u00f6ity\u00e4 koskeva henkil\u00f6tietojen k\u00e4sittely perustuu ainoastaan suostumukseen, eik\u00e4 esim. asiakkuuteen tai j\u00e4senyyteen, voi rekister\u00f6ity peruuttaa suostumuksen.<\/p>\n\n\n\n<p>Rekister\u00f6ity voi valittaa p\u00e4\u00e4t\u00f6ksest\u00e4 tietosuojavaltuutetulle<\/p>\n\n\n\n<p>Rekister\u00f6idyll\u00e4 on oikeus vaatia, ett\u00e4 rajoitamme kiistanalaisten tietojen k\u00e4sittely\u00e4 siksi aikaa, kunnes asia saadaan ratkaistua.<\/p>\n\n\n\n<p><strong>Valitusoikeus<\/strong><\/p>\n\n\n\n<p>Rekister\u00f6idyll\u00e4 on oikeus tehd\u00e4 valitus tietosuojavaltuutetulle kantelu, jos h\u00e4n kokee, ett\u00e4 rikomme henkil\u00f6tietoja k\u00e4sitelless\u00e4mme voimassa olevaa tietosuojalains\u00e4\u00e4d\u00e4nt\u00f6\u00e4.<\/p>\n\n\n\n<p>Tietosuojavaltuutetun yhteystiedot: &nbsp;www.tietosuoja.fi\/fi\/index\/yhteystiedot.html<\/p>\n\n\n\n<h3 class=\"wp-block-heading\">6. S\u00e4\u00e4nn\u00f6nmukaiset tietol\u00e4hteet<\/h3>\n\n\n\n<p>Asiakastiedot saadaan s\u00e4\u00e4nn\u00f6nmukaisesti:<\/p>\n\n\n\n<ul class=\"wp-block-list\"><li>palvelutilanteessa ja ostotapahtuman yhteydess\u00e4<\/li><li>asiakassuhteen syntyess\u00e4<\/li><li>markkinointitapahtuman yhteydess\u00e4<\/li><li>asiakkaalta itselt\u00e4\u00e4n verkon kautta uutiskirjeen tilauksesta<\/li><li>asiakkaalta itselt\u00e4\u00e4n sosiaalisen median kautta<\/li><\/ul>\n\n\n\n<h3 class=\"wp-block-heading\">7. S\u00e4\u00e4nn\u00f6nmukaiset tietojen luovutukset<\/h3>\n\n\n\n<p>Tietoja ei p\u00e4\u00e4s\u00e4\u00e4nt\u00f6isesti luovuteta markkinointitarkoituksiin Viihde- ja Ohjelmapalvelu Lapin Lumo Oy:n ulkopuolelle. Olemme varmistaneet, ett\u00e4 sopimuksissamme palveluntarjoajien kanssa on huomioitu tietosuoja-asetus.<\/p>\n\n\n\n<p>Olemme varmistaneet, ett\u00e4 kaikki palveluntarjoajamme noudattavat tietosuojalains\u00e4\u00e4d\u00e4nt\u00f6\u00e4. K\u00e4yt\u00e4mme s\u00e4\u00e4nn\u00f6nmukaisesti seuraavia palvelutarjoajia:<\/p>\n\n\n\n<ul class=\"wp-block-list\"><li>Talenom Oy, WhatsApp, Microsoft Corp, Google Inc., Facebook, Visma Pay<\/li><\/ul>\n\n\n\n<h3 class=\"wp-block-heading\">8. K\u00e4sittelyn kesto<\/h3>\n\n\n\n<p>Tietoja s\u00e4ilytet\u00e4\u00e4n niin kauan, kuin asiakkuus on voimassa. Markkinointilistaltamme rekister\u00f6ity p\u00e4\u00e4see poistumaan itse jokaisessa l\u00e4hett\u00e4m\u00e4ss\u00e4mme markkinointis\u00e4hk\u00f6postissamme olevan linkin kautta.<\/p>\n\n\n\n<h3 class=\"wp-block-heading\">9. Henkil\u00f6tietojen k\u00e4sittelij\u00e4t<\/h3>\n\n\n\n<p>Asiakkaan yhteystietoja k\u00e4sittelev\u00e4t Viihde- ja Ohjelmapalvelu Lapin Lumo Oy:n toimitusjohtaja ja kirjanpit\u00e4j\u00e4.<\/p>\n\n\n\n<p>Rekisterinpit\u00e4j\u00e4 ja t\u00e4m\u00e4n ty\u00f6ntekij\u00e4t k\u00e4sittelev\u00e4t henkil\u00f6tietoja. Voimme my\u00f6s ulkoistaa henkil\u00f6tietojen k\u00e4sittelyn osittain kolmannelle osapuolelle, jolloin takaamme sopimusj\u00e4rjestelyin, ett\u00e4 henkil\u00f6tietoja k\u00e4sitell\u00e4\u00e4n voimassa olevan tietosuojalains\u00e4\u00e4d\u00e4nn\u00f6n mukaisesti ja muutoin asianmukaisesti.<\/p>\n\n\n\n<h3 class=\"wp-block-heading\">10. Tietojen siirto EU:n ulkopuolelle<\/h3>\n\n\n\n<p>Henkil\u00f6tietoja ei siirret\u00e4 EU:n tai Euroopan talousalueen ulkopuolelle.<\/p>\n\n\n\n<h3 class=\"wp-block-heading\">11. Automaattinen p\u00e4\u00e4t\u00f6ksenteko ja profilointi<\/h3>\n\n\n\n<p>Emme k\u00e4yt\u00e4 tietoja automaattiseen p\u00e4\u00e4t\u00f6ksentekoon tai profilointiin.<\/p>\n\t\t\t\t\t\t\t\t<\/div>\n\t\t\t\t<\/div>\n\t\t\t\t<div class=\"elementor-element elementor-element-ebf4e8d elementor-widget elementor-widget-spacer\" data-id=\"ebf4e8d\" data-element_type=\"widget\" data-widget_type=\"spacer.default\">\n\t\t\t\t<div class=\"elementor-widget-container\">\n\t\t\t\t\t\t\t<div class=\"elementor-spacer\">\n\t\t\t<div class=\"elementor-spacer-inner\"><\/div>\n\t\t<\/div>\n\t\t\t\t\t\t<\/div>\n\t\t\t\t<\/div>\n\t\t\t\t\t<\/div>\n\t\t<\/div>\n\t\t\t\t\t<\/div>\n\t\t<\/section>\n\t\t\t\t<\/div>","protected":false},"excerpt":{"rendered":"<p>Viihde- ja Ohjelmapalvelu Lapin Lumo Oy rekisteriseloste Rekisterinpit\u00e4j\u00e4ll\u00e4 on tietosuoja-asetuksen mukaan velvollisuus informoida selke\u00e4ll\u00e4 tavalla rekister\u00f6ityj\u00e4. T\u00e4m\u00e4 seloste t\u00e4ytt\u00e4\u00e4 informointivelvoitteen. 1. Rekisterinpit\u00e4j\u00e4 Viihde- ja Ohjelmapalvelu Lapin Lumo Oy \u2013 1645185-0 Postiosoite: N\u00e4verinpolku 6, 99800 Ivalo Yhteystiedot rekisteri\u00e4 koskevissa asioissa: Yrityksen \/ henkil\u00f6n nimi: Sirpa Huumonen Postiosoite: N\u00e4verinpolku 6, 99800 Ivalo Puhelinnumero: 0400340108 S\u00e4hk\u00f6posti: lapinlumo@lapinlumo.com Tapauksen [&hellip;]<\/p>","protected":false},"author":2,"featured_media":0,"parent":0,"menu_order":0,"comment_status":"closed","ping_status":"closed","template":"","meta":{"footnotes":""},"class_list":["post-858","page","type-page","status-publish","hentry"],"_links":{"self":[{"href":"https:\/\/kuusiretki.fi\/en\/wp-json\/wp\/v2\/pages\/858","targetHints":{"allow":["GET"]}}],"collection":[{"href":"https:\/\/kuusiretki.fi\/en\/wp-json\/wp\/v2\/pages"}],"about":[{"href":"https:\/\/kuusiretki.fi\/en\/wp-json\/wp\/v2\/types\/page"}],"author":[{"embeddable":true,"href":"https:\/\/kuusiretki.fi\/en\/wp-json\/wp\/v2\/users\/2"}],"replies":[{"embeddable":true,"href":"https:\/\/kuusiretki.fi\/en\/wp-json\/wp\/v2\/comments?post=858"}],"version-history":[{"count":4,"href":"https:\/\/kuusiretki.fi\/en\/wp-json\/wp\/v2\/pages\/858\/revisions"}],"predecessor-version":[{"id":897,"href":"https:\/\/kuusiretki.fi\/en\/wp-json\/wp\/v2\/pages\/858\/revisions\/897"}],"wp:attachment":[{"href":"https:\/\/kuusiretki.fi\/en\/wp-json\/wp\/v2\/media?parent=858"}],"curies":[{"name":"wp","href":"https:\/\/api.w.org\/{rel}","templated":true}]}}