{"id":1842,"date":"2025-10-31T18:36:01","date_gmt":"2025-10-31T18:36:01","guid":{"rendered":"https:\/\/kuusiretki.fi\/?page_id=1842"},"modified":"2025-11-01T11:51:59","modified_gmt":"2025-11-01T11:51:59","slug":"jouluaaton-premium-retki","status":"publish","type":"page","link":"https:\/\/kuusiretki.fi\/en\/jouluaaton-premium-retki\/","title":{"rendered":"Christmas Eve Adventure"},"content":{"rendered":"<div data-elementor-type=\"wp-page\" data-elementor-id=\"1842\" class=\"elementor elementor-1842\">\n\t\t\t\t\t\t<section class=\"elementor-section elementor-top-section elementor-element elementor-element-90ac3cc elementor-section-boxed elementor-section-height-default elementor-section-height-default\" data-id=\"90ac3cc\" data-element_type=\"section\">\n\t\t\t\t\t\t<div class=\"elementor-container elementor-column-gap-default\">\n\t\t\t\t\t<div class=\"elementor-column elementor-col-100 elementor-top-column elementor-element elementor-element-11db7ef\" data-id=\"11db7ef\" data-element_type=\"column\">\n\t\t\t<div class=\"elementor-widget-wrap elementor-element-populated\">\n\t\t\t\t\t\t<div class=\"elementor-element elementor-element-387dc1b elementor-widget elementor-widget-heading\" data-id=\"387dc1b\" data-element_type=\"widget\" data-widget_type=\"heading.default\">\n\t\t\t\t<div class=\"elementor-widget-container\">\n\t\t\t\t\t<h2 class=\"elementor-heading-title elementor-size-default\"> Christmas Eve Special Adventure \u2013 Designed Just for You<\/h2>\t\t\t\t<\/div>\n\t\t\t\t<\/div>\n\t\t\t\t<div class=\"elementor-element elementor-element-3734030 elementor-widget elementor-widget-text-editor\" data-id=\"3734030\" data-element_type=\"widget\" data-widget_type=\"text-editor.default\">\n\t\t\t\t<div class=\"elementor-widget-container\">\n\t\t\t\t\t\t\t\t\t<p>Experience the magic of Christmas Eve in the peaceful forest of Lemp\u00e4\u00e4l\u00e4 \u2013 surrounded by nature and the people who matter most. This is more than just a trip. It\u2019s a personal holiday experience shaped by your wishes, set in the quiet beauty of the woods. A perfect way to celebrate the season.<\/p>\t\t\t\t\t\t\t\t<\/div>\n\t\t\t\t<\/div>\n\t\t\t\t<div class=\"elementor-element elementor-element-a99248b elementor-widget elementor-widget-heading\" data-id=\"a99248b\" data-element_type=\"widget\" data-widget_type=\"heading.default\">\n\t\t\t\t<div class=\"elementor-widget-container\">\n\t\t\t\t\t<h2 class=\"elementor-heading-title elementor-size-default\">What Makes This Adventure Special?<\/h2>\t\t\t\t<\/div>\n\t\t\t\t<\/div>\n\t\t\t\t<div class=\"elementor-element elementor-element-d4f5541 elementor-widget elementor-widget-text-editor\" data-id=\"d4f5541\" data-element_type=\"widget\" data-widget_type=\"text-editor.default\">\n\t\t\t\t<div class=\"elementor-widget-container\">\n\t\t\t\t\t\t\t\t\t<ul><li><strong>Christmas magic in the heart of nature<\/strong> \u2013 a dusky forest, peaceful silence, the warmth of a campfire, and the scent of mulled wine create a feeling that can\u2019t be wrapped \u2013 it can only be experienced.<strong>.<\/strong><\/li><li><strong>Together with your loved ones<\/strong> \u2013 this adventure is suitable for all ages. Bring the whole family or even two families to enjoy it together.<\/li><li><strong>An experience made for you<\/strong> \u2013 tell us your wishes: would you like Santa to share stories, a special menu, music, or a quiet moment by the fire?<\/li><li><strong>Peace and privacy<\/strong> \u2013 no group pressure, no rush \u2013 just time to be present and enjoy.<\/li><\/ul>\t\t\t\t\t\t\t\t<\/div>\n\t\t\t\t<\/div>\n\t\t\t\t<section class=\"elementor-section elementor-inner-section elementor-element elementor-element-417a3ae elementor-section-boxed elementor-section-height-default elementor-section-height-default\" data-id=\"417a3ae\" data-element_type=\"section\">\n\t\t\t\t\t\t<div class=\"elementor-container elementor-column-gap-default\">\n\t\t\t\t\t<div class=\"elementor-column elementor-col-50 elementor-inner-column elementor-element elementor-element-88827f7\" data-id=\"88827f7\" data-element_type=\"column\">\n\t\t\t<div class=\"elementor-widget-wrap elementor-element-populated\">\n\t\t\t\t\t\t<div class=\"elementor-element elementor-element-e85c4c7 elementor-widget-tablet__width-initial elementor-widget elementor-widget-image\" data-id=\"e85c4c7\" data-element_type=\"widget\" data-widget_type=\"image.default\">\n\t\t\t\t<div class=\"elementor-widget-container\">\n\t\t\t\t\t\t\t\t\t\t\t\t\t\t\t<img fetchpriority=\"high\" decoding=\"async\" width=\"800\" height=\"451\" src=\"https:\/\/kuusiretki.fi\/wp-content\/uploads\/2020\/05\/pukki-ulkona3-1024x577.jpg\" class=\"attachment-large size-large wp-image-1375\" alt=\"\" srcset=\"https:\/\/kuusiretki.fi\/wp-content\/uploads\/2020\/05\/pukki-ulkona3-1024x577.jpg 1024w, https:\/\/kuusiretki.fi\/wp-content\/uploads\/2020\/05\/pukki-ulkona3-300x169.jpg 300w, https:\/\/kuusiretki.fi\/wp-content\/uploads\/2020\/05\/pukki-ulkona3-768x432.jpg 768w, https:\/\/kuusiretki.fi\/wp-content\/uploads\/2020\/05\/pukki-ulkona3-1536x865.jpg 1536w, https:\/\/kuusiretki.fi\/wp-content\/uploads\/2020\/05\/pukki-ulkona3-2048x1153.jpg 2048w, https:\/\/kuusiretki.fi\/wp-content\/uploads\/2020\/05\/pukki-ulkona3-600x338.jpg 600w\" sizes=\"(max-width: 800px) 100vw, 800px\" \/>\t\t\t\t\t\t\t\t\t\t\t\t\t\t\t<\/div>\n\t\t\t\t<\/div>\n\t\t\t\t\t<\/div>\n\t\t<\/div>\n\t\t\t\t<div class=\"elementor-column elementor-col-50 elementor-inner-column elementor-element elementor-element-0b91a49\" data-id=\"0b91a49\" data-element_type=\"column\">\n\t\t\t<div class=\"elementor-widget-wrap elementor-element-populated\">\n\t\t\t\t\t\t<div class=\"elementor-element elementor-element-b2264a8 elementor-widget__width-initial elementor-widget elementor-widget-image\" data-id=\"b2264a8\" data-element_type=\"widget\" data-widget_type=\"image.default\">\n\t\t\t\t<div class=\"elementor-widget-container\">\n\t\t\t\t\t\t\t\t\t\t\t\t\t\t\t<img decoding=\"async\" width=\"800\" height=\"600\" src=\"https:\/\/kuusiretki.fi\/wp-content\/uploads\/2020\/05\/kota-1024x768.jpg\" class=\"attachment-large size-large wp-image-1192\" alt=\"Violetiksi valaista kota lumisessa maisemassa\" srcset=\"https:\/\/kuusiretki.fi\/wp-content\/uploads\/2020\/05\/kota-1024x768.jpg 1024w, https:\/\/kuusiretki.fi\/wp-content\/uploads\/2020\/05\/kota-300x225.jpg 300w, https:\/\/kuusiretki.fi\/wp-content\/uploads\/2020\/05\/kota-768x576.jpg 768w, https:\/\/kuusiretki.fi\/wp-content\/uploads\/2020\/05\/kota-1536x1152.jpg 1536w, https:\/\/kuusiretki.fi\/wp-content\/uploads\/2020\/05\/kota-2048x1536.jpg 2048w, https:\/\/kuusiretki.fi\/wp-content\/uploads\/2020\/05\/kota-600x450.jpg 600w\" sizes=\"(max-width: 800px) 100vw, 800px\" \/>\t\t\t\t\t\t\t\t\t\t\t\t\t\t\t<\/div>\n\t\t\t\t<\/div>\n\t\t\t\t\t<\/div>\n\t\t<\/div>\n\t\t\t\t\t<\/div>\n\t\t<\/section>\n\t\t\t\t<div class=\"elementor-element elementor-element-3ef8ddf elementor-widget elementor-widget-heading\" data-id=\"3ef8ddf\" data-element_type=\"widget\" data-widget_type=\"heading.default\">\n\t\t\t\t<div class=\"elementor-widget-container\">\n\t\t\t\t\t<h2 class=\"elementor-heading-title elementor-size-default\">Ideas to Inspire Your Wishes<\/h2>\t\t\t\t<\/div>\n\t\t\t\t<\/div>\n\t\t\t\t<div class=\"elementor-element elementor-element-57cb428 elementor-widget elementor-widget-text-editor\" data-id=\"57cb428\" data-element_type=\"widget\" data-widget_type=\"text-editor.default\">\n\t\t\t\t<div class=\"elementor-widget-container\">\n\t\t\t\t\t\t\t\t\t<ul><li>A visit from Santa and gift-giving<\/li><li>Mulled wine and gingerbread by the fire<\/li><li>Live music or sing-along moments<\/li><\/ul>\t\t\t\t\t\t\t\t<\/div>\n\t\t\t\t<\/div>\n\t\t\t\t<div class=\"elementor-element elementor-element-09c0867 elementor-widget elementor-widget-heading\" data-id=\"09c0867\" data-element_type=\"widget\" data-widget_type=\"heading.default\">\n\t\t\t\t<div class=\"elementor-widget-container\">\n\t\t\t\t\t<h2 class=\"elementor-heading-title elementor-size-default\">How Do I Book My Own Christmas Eve Adventure?<\/h2>\t\t\t\t<\/div>\n\t\t\t\t<\/div>\n\t\t\t\t<div class=\"elementor-element elementor-element-eed1b9c elementor-widget elementor-widget-text-editor\" data-id=\"eed1b9c\" data-element_type=\"widget\" data-widget_type=\"text-editor.default\">\n\t\t\t\t<div class=\"elementor-widget-container\">\n\t\t\t\t\t\t\t\t\t<p>The Christmas Eve Special Adventure is not a ready-made product \u2013 it\u2019s a uniquely tailored experience, created around your wishes.<\/p><p><strong>Contact us to create your perfect Christmas Eve experience.\u00a0<\/strong><\/p><p><strong>Only a limited number of adventures are available on Christmas Eve.<\/strong>, so everyone can enjoy in peace and without rush. Book your time early \u2013 let\u2019s create an experience that\u2019s just right for you.<\/p>\t\t\t\t\t\t\t\t<\/div>\n\t\t\t\t<\/div>\n\t\t\t\t<div class=\"elementor-element elementor-element-1b1ee37 elementor-widget elementor-widget-heading\" data-id=\"1b1ee37\" data-element_type=\"widget\" data-widget_type=\"heading.default\">\n\t\t\t\t<div class=\"elementor-widget-container\">\n\t\t\t\t\t<h2 class=\"elementor-heading-title elementor-size-default\">Contact information<\/h2>\t\t\t\t<\/div>\n\t\t\t\t<\/div>\n\t\t\t\t<div class=\"elementor-element elementor-element-2376515 elementor-widget elementor-widget-text-editor\" data-id=\"2376515\" data-element_type=\"widget\" data-widget_type=\"text-editor.default\">\n\t\t\t\t<div class=\"elementor-widget-container\">\n\t\t\t\t\t\t\t\t\t<p>Lapin Lumo oy<br \/>puh: 0400 010992<br \/>e-mail: lapinlumo@lapinlumo.com<\/p>\t\t\t\t\t\t\t\t<\/div>\n\t\t\t\t<\/div>\n\t\t\t\t\t<\/div>\n\t\t<\/div>\n\t\t\t\t\t<\/div>\n\t\t<\/section>\n\t\t\t\t<\/div>","protected":false},"excerpt":{"rendered":"<p>Jouluaaton Premium-retki \u2013 El\u00e4mys, joka syntyy toiveistasi Koe taianomainen jouluaatto Lemp\u00e4\u00e4l\u00e4n joulumets\u00e4ss\u00e4 \u2013 luonnon rauhassa, yhdess\u00e4 l\u00e4heisten kanssa. T\u00e4m\u00e4 ei ole tavallinen retki. Se on henkil\u00f6kohtainen jouluel\u00e4mys mets\u00e4n suojassa,\u00a0jossa yhdistyv\u00e4t toiveidesi mukainen ohjelma ja mets\u00e4n hiljaisuus \u2013 t\u00e4ydellinen joulun juhlahetki! Mik\u00e4 tekee t\u00e4st\u00e4 retkest\u00e4 erityisen? Joulun taikaa luonnon keskell\u00e4 \u2013 h\u00e4m\u00e4rtyv\u00e4 mets\u00e4, hiljaisuus, kotatuli ja [&hellip;]<\/p>","protected":false},"author":2,"featured_media":0,"parent":0,"menu_order":0,"comment_status":"closed","ping_status":"closed","template":"","meta":{"footnotes":""},"class_list":["post-1842","page","type-page","status-publish","hentry"],"_links":{"self":[{"href":"https:\/\/kuusiretki.fi\/en\/wp-json\/wp\/v2\/pages\/1842","targetHints":{"allow":["GET"]}}],"collection":[{"href":"https:\/\/kuusiretki.fi\/en\/wp-json\/wp\/v2\/pages"}],"about":[{"href":"https:\/\/kuusiretki.fi\/en\/wp-json\/wp\/v2\/types\/page"}],"author":[{"embeddable":true,"href":"https:\/\/kuusiretki.fi\/en\/wp-json\/wp\/v2\/users\/2"}],"replies":[{"embeddable":true,"href":"https:\/\/kuusiretki.fi\/en\/wp-json\/wp\/v2\/comments?post=1842"}],"version-history":[{"count":28,"href":"https:\/\/kuusiretki.fi\/en\/wp-json\/wp\/v2\/pages\/1842\/revisions"}],"predecessor-version":[{"id":1897,"href":"https:\/\/kuusiretki.fi\/en\/wp-json\/wp\/v2\/pages\/1842\/revisions\/1897"}],"wp:attachment":[{"href":"https:\/\/kuusiretki.fi\/en\/wp-json\/wp\/v2\/media?parent=1842"}],"curies":[{"name":"wp","href":"https:\/\/api.w.org\/{rel}","templated":true}]}}