{"id":1310,"date":"2023-11-08T11:19:16","date_gmt":"2023-11-08T11:19:16","guid":{"rendered":"https:\/\/kuusiretki.fi\/?page_id=1310"},"modified":"2025-11-02T18:00:56","modified_gmt":"2025-11-02T18:00:56","slug":"meista","status":"publish","type":"page","link":"https:\/\/kuusiretki.fi\/en\/meista\/","title":{"rendered":"About us"},"content":{"rendered":"<div data-elementor-type=\"wp-page\" data-elementor-id=\"1310\" class=\"elementor elementor-1310\">\n\t\t\t\t\t\t<section class=\"elementor-section elementor-top-section elementor-element elementor-element-d66d461 elementor-section-boxed elementor-section-height-default elementor-section-height-default\" data-id=\"d66d461\" data-element_type=\"section\">\n\t\t\t\t\t\t<div class=\"elementor-container elementor-column-gap-default\">\n\t\t\t\t\t<div class=\"elementor-column elementor-col-100 elementor-top-column elementor-element elementor-element-e096ed6\" data-id=\"e096ed6\" data-element_type=\"column\">\n\t\t\t<div class=\"elementor-widget-wrap elementor-element-populated\">\n\t\t\t\t\t\t<div class=\"elementor-element elementor-element-1510ec0 elementor-widget elementor-widget-heading\" data-id=\"1510ec0\" data-element_type=\"widget\" data-widget_type=\"heading.default\">\n\t\t\t\t<div class=\"elementor-widget-container\">\n\t\t\t\t\t<h2 class=\"elementor-heading-title elementor-size-default\">Viihde-ja ohjelmapalvelu Lapin Lumo Oy<\/h2>\t\t\t\t<\/div>\n\t\t\t\t<\/div>\n\t\t\t\t<div class=\"elementor-element elementor-element-50cb3e8 elementor-widget elementor-widget-text-editor\" data-id=\"50cb3e8\" data-element_type=\"widget\" data-widget_type=\"text-editor.default\">\n\t\t\t\t<div class=\"elementor-widget-container\">\n\t\t\t\t\t\t\t\t\t<p>Viihde- ja ohjelmapalvelu Lapin Lumo Oy is a family-owned Lapland-based company founded in 2001. Our mission is to create authentic experiences inspired by the nature and culture of Lapland for both businesses and private customers. Over the years, our Santa Claus has met thousands of families from all around the world \u2014 from famous pop stars to ordinary Finnish families. To him, every family is equally important and deserves a special touch of Christmas magic.<\/p><p>In our family, the Christmas tree has always been the bringer of Christmas spirit and a central part of creating the holiday atmosphere. Now that our children have grown up and moved to the Tampere region, we, as grandparents, wanted to be closer to them and moved to live part-time in Tampere. Having grown up and lived in Lapland\u2019s nature, we wished to bring a piece of Lapland with us. We acquired a forest in Lemp\u00e4\u00e4l\u00e4 where we established a Christmas tree forest. We want to help preserve the Finnish Christmas tree tradition, and our trees are grown naturally without pesticides. We are also proud members of the Finnish Christmas Tree Association.<\/p>\t\t\t\t\t\t\t\t<\/div>\n\t\t\t\t<\/div>\n\t\t\t\t<div class=\"elementor-element elementor-element-c1c30f1 elementor-widget elementor-widget-button\" data-id=\"c1c30f1\" data-element_type=\"widget\" data-widget_type=\"button.default\">\n\t\t\t\t<div class=\"elementor-widget-container\">\n\t\t\t\t\t\t\t\t\t<div class=\"elementor-button-wrapper\">\n\t\t\t\t\t<a class=\"elementor-button elementor-button-link elementor-size-sm\" href=\"https:\/\/lapinlumo.com\">\n\t\t\t\t\t\t<span class=\"elementor-button-content-wrapper\">\n\t\t\t\t\t\t\t\t\t<span class=\"elementor-button-text\">Read more about Lapin Lumo Oy<\/span>\n\t\t\t\t\t<\/span>\n\t\t\t\t\t<\/a>\n\t\t\t\t<\/div>\n\t\t\t\t\t\t\t\t<\/div>\n\t\t\t\t<\/div>\n\t\t\t\t<div class=\"elementor-element elementor-element-6663459 elementor-widget elementor-widget-spacer\" data-id=\"6663459\" data-element_type=\"widget\" data-widget_type=\"spacer.default\">\n\t\t\t\t<div class=\"elementor-widget-container\">\n\t\t\t\t\t\t\t<div class=\"elementor-spacer\">\n\t\t\t<div class=\"elementor-spacer-inner\"><\/div>\n\t\t<\/div>\n\t\t\t\t\t\t<\/div>\n\t\t\t\t<\/div>\n\t\t\t\t\t<\/div>\n\t\t<\/div>\n\t\t\t\t\t<\/div>\n\t\t<\/section>\n\t\t\t\t<\/div>","protected":false},"excerpt":{"rendered":"<p>Viihde-ja ohjelmapalvelu Lapin Lumo Oy Viihde-ja ohjelmapalvelu Lapin Lumo Oy on lappilainen perheyritys, joka on perustettu vuonna 2001. Toiminta-ajatuksena on tuottaa Lapin luonnosta ja kulttuurista ammentavia el\u00e4myksi\u00e4 sek\u00e4 yrityksille, ett\u00e4 yksityisille. Joulupukkimme on vuosien varrella tavannut tuhansia perheit\u00e4 ymp\u00e4ri maailmaa, suurista popt\u00e4hdist\u00e4 aivan tavallisiin suomalaisiin perheisiin. H\u00e4nelle jokainen perhe on yht\u00e4 t\u00e4rke\u00e4 ja ansaitsee saman [&hellip;]<\/p>","protected":false},"author":2,"featured_media":0,"parent":0,"menu_order":0,"comment_status":"closed","ping_status":"closed","template":"","meta":{"footnotes":""},"class_list":["post-1310","page","type-page","status-publish","hentry"],"_links":{"self":[{"href":"https:\/\/kuusiretki.fi\/en\/wp-json\/wp\/v2\/pages\/1310","targetHints":{"allow":["GET"]}}],"collection":[{"href":"https:\/\/kuusiretki.fi\/en\/wp-json\/wp\/v2\/pages"}],"about":[{"href":"https:\/\/kuusiretki.fi\/en\/wp-json\/wp\/v2\/types\/page"}],"author":[{"embeddable":true,"href":"https:\/\/kuusiretki.fi\/en\/wp-json\/wp\/v2\/users\/2"}],"replies":[{"embeddable":true,"href":"https:\/\/kuusiretki.fi\/en\/wp-json\/wp\/v2\/comments?post=1310"}],"version-history":[{"count":11,"href":"https:\/\/kuusiretki.fi\/en\/wp-json\/wp\/v2\/pages\/1310\/revisions"}],"predecessor-version":[{"id":1910,"href":"https:\/\/kuusiretki.fi\/en\/wp-json\/wp\/v2\/pages\/1310\/revisions\/1910"}],"wp:attachment":[{"href":"https:\/\/kuusiretki.fi\/en\/wp-json\/wp\/v2\/media?parent=1310"}],"curies":[{"name":"wp","href":"https:\/\/api.w.org\/{rel}","templated":true}]}}